{"id":215,"date":"2025-01-19T10:27:23","date_gmt":"2025-01-19T09:27:23","guid":{"rendered":"https:\/\/bakl.it\/librairie\/?post_type=product&#038;p=215"},"modified":"2025-01-20T19:52:49","modified_gmt":"2025-01-20T18:52:49","slug":"la-vie-sociale-le-livre-numerique","status":"publish","type":"product","link":"https:\/\/bakl.it\/librairie\/produit\/la-vie-sociale-le-livre-numerique\/","title":{"rendered":"La vie sociale, le livre num\u00e9rique"},"content":{"rendered":"<p>Le silence \u00e9tant tiss\u00e9 de sons, il n\u2019est pas que le contraire du bruit. Quelque part, il en va de m\u00eame pour la solitude et la vie sociale. Mais quelque part, c\u2019est vaste.<br \/>\nC\u2019est l\u00e0, surtout, qu\u2019a d\u00e9cid\u00e9 de se rendre le narrateur de <em>La vie sociale<\/em>, pour fuir la grande ville invivable et cesser d\u2019\u00eatre ce photographe vampire, se nourrissant de la vie de ses mod\u00e8les, qu\u2019il a le sentiment d\u2019\u00eatre devenu au fil du temps.<br \/>\n\u00ab Tu connais l\u2019histoire de la pierre qu\u2019on jette et qui croit que c\u2019est elle qui veut se mouvoir ? \u00bb, \u00e9crit-il. \u00ab Ce n\u2019est pas mon histoire. \u00bb Et pourtant.<\/p>\n<blockquote><p>Si je ne suis pas une erreur de la nature et que je n\u2019en suis pas non plus le point culminant, que suis-je ? En fait, ce n\u2019est pas la bonne question, me suis-je corrig\u00e9. La bonne question serait plut\u00f4t celle-ci : Qu\u2019est-ce que je fais ici ? Mon corps est le point culminant de la for\u00eat et pourtant je n\u2019appartiens pas \u00e0 la for\u00eat.<\/p><\/blockquote>\n<p><img loading=\"lazy\" decoding=\"async\" class=\"aligncenter wp-image-191 size-large\" src=\"https:\/\/bakl.it\/librairie\/wp-content\/uploads\/2024\/11\/couv-1024x452.png\" alt=\"\" width=\"1024\" height=\"452\" srcset=\"https:\/\/bakl.it\/librairie\/wp-content\/uploads\/2024\/11\/couv-1024x452.png 1024w, https:\/\/bakl.it\/librairie\/wp-content\/uploads\/2024\/11\/couv-300x132.png 300w, https:\/\/bakl.it\/librairie\/wp-content\/uploads\/2024\/11\/couv-768x339.png 768w, https:\/\/bakl.it\/librairie\/wp-content\/uploads\/2024\/11\/couv-1536x677.png 1536w, https:\/\/bakl.it\/librairie\/wp-content\/uploads\/2024\/11\/couv-2048x903.png 2048w, https:\/\/bakl.it\/librairie\/wp-content\/uploads\/2024\/11\/couv-600x265.png 600w\" sizes=\"auto, (max-width: 1024px) 100vw, 1024px\" \/><\/p>\n","protected":false},"excerpt":{"rendered":"<p>Le silence \u00e9tant tiss\u00e9 de sons, il n\u2019est pas que le contraire du bruit. Quelque part, il en va de m\u00eame pour la solitude et la vie sociale. Mais quelque part, c\u2019est vaste. C\u2019est l\u00e0, surtout, qu\u2019a d\u00e9cid\u00e9 de se rendre le narrateur de La vie sociale, pour fuir la grande ville invivable et cesser [&hellip;]<\/p>\n","protected":false},"featured_media":190,"template":"","meta":[],"product_cat":[27],"product_tag":[25],"class_list":{"0":"post-215","1":"product","2":"type-product","3":"status-publish","4":"has-post-thumbnail","6":"product_cat-numerique","7":"product_tag-jerome-orsoni","9":"first","10":"instock","11":"downloadable","12":"virtual","13":"purchasable","14":"product-type-simple"},"_links":{"self":[{"href":"https:\/\/bakl.it\/librairie\/wp-json\/wp\/v2\/product\/215","targetHints":{"allow":["GET"]}}],"collection":[{"href":"https:\/\/bakl.it\/librairie\/wp-json\/wp\/v2\/product"}],"about":[{"href":"https:\/\/bakl.it\/librairie\/wp-json\/wp\/v2\/types\/product"}],"wp:featuredmedia":[{"embeddable":true,"href":"https:\/\/bakl.it\/librairie\/wp-json\/wp\/v2\/media\/190"}],"wp:attachment":[{"href":"https:\/\/bakl.it\/librairie\/wp-json\/wp\/v2\/media?parent=215"}],"wp:term":[{"taxonomy":"product_cat","embeddable":true,"href":"https:\/\/bakl.it\/librairie\/wp-json\/wp\/v2\/product_cat?post=215"},{"taxonomy":"product_tag","embeddable":true,"href":"https:\/\/bakl.it\/librairie\/wp-json\/wp\/v2\/product_tag?post=215"}],"curies":[{"name":"wp","href":"https:\/\/api.w.org\/{rel}","templated":true}]}}