{"id":18,"date":"2024-01-05T15:18:02","date_gmt":"2024-01-05T14:18:02","guid":{"rendered":"https:\/\/bakl.it\/librairie\/?post_type=product&#038;p=18"},"modified":"2025-01-18T16:35:39","modified_gmt":"2025-01-18T15:35:39","slug":"feroce-le-site","status":"publish","type":"product","link":"https:\/\/bakl.it\/librairie\/produit\/feroce-le-site\/","title":{"rendered":"F\u00e9roce, le site"},"content":{"rendered":"<p align=\"left\">Au mitan de sa vie, Drieu Pag\u00e8s, professeur de topographie en disponibilit\u00e9, \u00e9crivain jadis, prend le maquis. Un livre au loin l&#8217;appelle. S&#8217;agit-il d&#8217;un livre \u00e0 lire ou \u00e0 \u00e9crire\u00a0? Une chose est s\u00fbre\u00a0: ce livre est ancr\u00e9 dans ce que depuis des si\u00e8cles nous appelons M\u00e9diterran\u00e9e\u00a0: la r\u00e9gion, le biotope, le climat, les odyss\u00e9es, la mer. Pendant que la fin du monde tel que nous le connaissons gagne du terrain sur notre civilisation, Drieu Pag\u00e8s cherche ce livre mythique o\u00f9 qu&#8217;il se trouve, de la Provence au Maghreb en passant par l&#8217;Italie volcanique et les \u00eeles proches. F\u00e9rocement il le cherche, tra\u00e7ant dans son sillage les contours d&#8217;un roman \u00e0 la fois troubadour et contemporain, d\u2019aventure et amoureux, v\u00e9g\u00e9tal et acqueux. Un roman <i>merterran\u00e9en<\/i>.<\/p>\n<blockquote>\n<p align=\"left\">Des gens, qui cultivent et vivent sur une terre ceinte de volcans, sur les restes des irruptions et des coul\u00e9es, dans l\u2019\u00e9cho la m\u00e9moire des pages et des pages de mythologies fascin\u00e9es par la brutalit\u00e9 solennelle des lieux, ces gens ne sauraient fa\u00e7onner un destin au moins aussi m\u00e9lancolique que la pulsation, la battance de la mer.<\/p>\n<\/blockquote>\n<p>La version web de <i>F\u00e9roce<\/i> est propos\u00e9e \u00e0 prix libre. Pour y acc\u00e9der, il est recommand\u00e9 de cr\u00e9er un compte utilisateur afin de pouvoir b\u00e9n\u00e9ficier des fonctionnalit\u00e9s propres au site et qui vous permettront de construire, au fur et \u00e0 mesure de la lecture, votre propre <em>F\u00e9roce. <\/em>Le texte, paragraphe par paragraphe, est enregistrable dans votre parcours de lecture pour mettre de c\u00f4t\u00e9 les passages de votre souhait via un signe figurant en t\u00eate de chaque paragraphe :<\/p>\n<p><img decoding=\"async\" src=\"https:\/\/bakl.it\/librairie\/wp-content\/uploads\/2024\/01\/feroce_capture_site.png\" \/><\/p>\n","protected":false},"excerpt":{"rendered":"<p>Au mitan de sa vie, Drieu Pag\u00e8s, professeur de topographie en disponibilit\u00e9, \u00e9crivain jadis, prend le maquis. Un livre au loin l&#8217;appelle. S&#8217;agit-il d&#8217;un livre \u00e0 lire ou \u00e0 \u00e9crire\u00a0? Une chose est s\u00fbre\u00a0: ce livre est ancr\u00e9 dans ce que depuis des si\u00e8cles nous appelons M\u00e9diterran\u00e9e\u00a0: la r\u00e9gion, le biotope, le climat, les odyss\u00e9es, [&hellip;]<\/p>\n","protected":false},"featured_media":98,"template":"","meta":[],"product_cat":[27],"product_tag":[],"class_list":{"0":"post-18","1":"product","2":"type-product","3":"status-publish","4":"has-post-thumbnail","6":"product_cat-numerique","8":"first","9":"instock","10":"virtual","11":"purchasable","12":"product-type-simple"},"_links":{"self":[{"href":"https:\/\/bakl.it\/librairie\/wp-json\/wp\/v2\/product\/18","targetHints":{"allow":["GET"]}}],"collection":[{"href":"https:\/\/bakl.it\/librairie\/wp-json\/wp\/v2\/product"}],"about":[{"href":"https:\/\/bakl.it\/librairie\/wp-json\/wp\/v2\/types\/product"}],"wp:featuredmedia":[{"embeddable":true,"href":"https:\/\/bakl.it\/librairie\/wp-json\/wp\/v2\/media\/98"}],"wp:attachment":[{"href":"https:\/\/bakl.it\/librairie\/wp-json\/wp\/v2\/media?parent=18"}],"wp:term":[{"taxonomy":"product_cat","embeddable":true,"href":"https:\/\/bakl.it\/librairie\/wp-json\/wp\/v2\/product_cat?post=18"},{"taxonomy":"product_tag","embeddable":true,"href":"https:\/\/bakl.it\/librairie\/wp-json\/wp\/v2\/product_tag?post=18"}],"curies":[{"name":"wp","href":"https:\/\/api.w.org\/{rel}","templated":true}]}}