{"id":42,"date":"2024-01-06T09:31:45","date_gmt":"2024-01-06T08:31:45","guid":{"rendered":"https:\/\/bakl.it\/librairie\/?page_id=42"},"modified":"2024-01-06T09:31:45","modified_gmt":"2024-01-06T08:31:45","slug":"conditions-generales-de-vente","status":"publish","type":"page","link":"https:\/\/bakl.it\/librairie\/conditions-generales-de-vente\/","title":{"rendered":"Conditions g\u00e9n\u00e9rales de vente"},"content":{"rendered":"\n<h4 class=\"wp-block-heading\">\u00a0A. LIBRAIRIE EN LIGNE BAK\u00c9LITE<\/h4>\n\n\n\n<p>Cette librairie de vente en ligne de livres (https:\/\/www.bakl.it\/librairie\/) est op\u00e9r\u00e9e par la Guillaume Ebrard-Vissac, enregistr\u00e9e au Registre du Commerce de Rennes sous le n\u00b0 53972147200030, n\u00b0 de TVA intra-communautaire FR76539721472, adresse postale : Editions Bak\u00e9lite, 16 avenue Emile Zola 35131 Pont-P\u00e9an, adresse mail de contact : gv@bakl.it<\/p>\n\n\n\n<h4 class=\"wp-block-heading\">B. MARQUES \u00c9DITORIALES ET NOMS DE DOMAINES<\/h4>\n\n\n\n<p>La marque \u00e9ditoriale Bak\u00e9lite, les ent\u00eates ISBN correspondants \u00e0 cette marque et le domaine bakl.it sont d\u00e9tenus par Guillaume Ebrard-Vissac.<\/p>\n\n\n\n<h4 class=\"wp-block-heading\">C. CADRE JURIDIQUE APPLICABLE<\/h4>\n\n\n\n<p>La vente en ligne est soumise \u00e0 la <a href=\"https:\/\/www.legifrance.gouv.fr\/affichTexte.do?cidTexte=JORFTEXT000028738036&amp;categorieLien=id\" target=\"_blank\" rel=\"noreferrer noopener\">LOI n\u00b0 2014-344 du 17 mars 2014 relative \u00e0 la consommation<\/a>, qui a modifi\u00e9 des dispositions pr\u00e9vues par la <a href=\"https:\/\/www.legifrance.gouv.fr\/affichTexte.do?cidTexte=JORFTEXT000000801164\" target=\"_blank\" rel=\"noreferrer noopener\">LOI n\u00b0 2004-575 du 21 juin 2004 pour la confiance dans l&#8217;\u00e9conomie num\u00e9rique<\/a>, et pour ce qui concerne sp\u00e9cifiquement la vente de livres \u00e0 la <a href=\"https:\/\/www.legifrance.gouv.fr\/affichTexte.do?cidTexte=LEGITEXT000006068716\" target=\"_blank\" rel=\"noreferrer noopener\">LOI n\u00b0 81-766 du 10 ao\u00fbt 1981 relative au prix du livre<\/a> (et les d\u00e9crets et arr\u00eat\u00e9s correspondants) ainsi qu&#8217;\u00e0 la <a href=\"https:\/\/www.legifrance.gouv.fr\/affichTexte.do;?cidTexte=LEGITEXT000024082056\" target=\"_blank\" rel=\"noreferrer noopener\">LOI n\u00b0 2011-590 du 26 mai 2011 relative au prix du livre num\u00e9rique<\/a>.<\/p>\n\n\n\n<h4 class=\"wp-block-heading\">D. COMMANDES<\/h4>\n\n\n\n<p>Dans la boutique de ce site, vous pouvez parcourir des pages pr\u00e9sentant des livres imprim\u00e9s et des acc\u00e8s \u00e0 des livres web, ajouter \u00e0 votre panier ces produits, prendre connaissance des frais d&#8217;exp\u00e9dition associ\u00e9s, passer commande et proc\u00e9der au paiement en ligne correspondant.<\/p>\n\n\n\n<h4 class=\"wp-block-heading\">E. COUVERTURE G\u00c9OGRAPHIQUE<\/h4>\n\n\n\n<p>Des commandes peuvent \u00eatre adress\u00e9es partout dans le monde. Pour des commandes avec livraison hors de l&#8217;Union europ\u00e9enne, v\u00e9rifiez bien les frais d&#8217;exp\u00e9dition.<\/p>\n\n\n\n<h4 class=\"wp-block-heading\">F. TVA<\/h4>\n\n\n\n<p>La micro-entreprise Guillaume Ebrard-Vissac \/ \u00c9ditions Bak\u00e9lite n&#8217;est pas assujettie \u00e0 la TVA.<\/p>\n\n\n\n<h4 class=\"wp-block-heading\">G. DONN\u00c9ES PERSONNELLES<\/h4>\n\n\n\n<p>Lors de la cr\u00e9ation d&#8217;une commande, vous devez fournir vos\u00a0nom et pr\u00e9nom, votre adresse mail, votre adresse postale de facturation et si diff\u00e9rente votre ou vos adresses de livraison. Le site collecte par ailleurs les donn\u00e9es des commandes, et utilise des cookies de session pour le bon fonctionnement du site et des statistiques de fr\u00e9quentation. Aucune de ces donn\u00e9es ne fait de transmission \u00e0 des tiers autres que ceux n\u00e9cessaires \u00e0 la r\u00e9alisation de la commande, \u00e0 la comptabilit\u00e9 de la soci\u00e9t\u00e9 et \u00e0 la gestion du stock. En acceptant ces Conditions G\u00e9n\u00e9rales de Vente, vous consentez \u00e0 la collecte des donn\u00e9es et \u00e0 l&#8217;usage des cookies d\u00e9crits dans ce paragraphe.<\/p>\n\n\n\n<p>Les donn\u00e9es bancaires ou Paypal li\u00e9es aux paiements ne sont pas conserv\u00e9es par le site. Elles sont uniquement transmises aux interm\u00e9diaires financiers correspondants. Cf. plus bas H. PAIEMENTS.<\/p>\n\n\n\n<p>Vous b\u00e9n\u00e9ficiez du droit d&#8217;acc\u00e8s aux donn\u00e9es vous concernant et du droit de rectification d\u00e9finis aux articles 39 et 40 de la <a href=\"https:\/\/www.legifrance.gouv.fr\/affichTexte.do?cidTexte=LEGITEXT000006068716&amp;dateTexte=20160920\" target=\"_blank\" rel=\"noreferrer noopener\">LOI n\u00b0 78-17 du 6 janvier 1978 relative \u00e0 l&#8217;informatique, aux fichiers et aux libert\u00e9s<\/a>. Ce droit peut \u00eatre exerc\u00e9 directement en consultant votre compte pour ce qui concerne l&#8217;acc\u00e8s ou par courrier adress\u00e9 \u00e0 la Guillaume Ebrard-Vissac (cf. Article A.) pour la rectification.<\/p>\n\n\n\n<h4 class=\"wp-block-heading\">H. PAIEMENTS<\/h4>\n\n\n\n<p>Le moyen de paiement pr\u00e9f\u00e9r\u00e9 sur ce site est la carte bancaire via le module de paiement en ligne Paypal. Il est s\u00e9curis\u00e9 par des m\u00e9thodes \u00e0 l&#8217;\u00e9tat de l&#8217;art. <\/p>\n\n\n\n<h4 class=\"wp-block-heading\">I. LIVRAISONS<\/h4>\n\n\n\n<p>Toutes les livraisons utilisent les services postaux ou des op\u00e9rateurs priv\u00e9s de livraison en point relais colis (Mondial Relay). Lors de paiements en ligne, si les livres command\u00e9s sont en stock, le d\u00e9lai d&#8217;exp\u00e9dition est d&#8217;une semaine maximum. Les d\u00e9lais \u00e0 partir de l&#8217;exp\u00e9dition sont ceux des services postaux indiqu\u00e9s lors de la commande.<\/p>\n\n\n\n<h4 class=\"wp-block-heading\">J. DROIT DE R\u00c9TRACTATION<\/h4>\n\n\n\n<p>Conform\u00e9ment \u00e0 la <a href=\"https:\/\/www.legifrance.gouv.fr\/affichTexte.do?cidTexte=JORFTEXT000028738036&amp;categorieLien=id\" target=\"_blank\" rel=\"noreferrer noopener\">LOI n\u00b0 2014-344 du 17 mars 2014 relative \u00e0 la consommation<\/a>, vous disposez d&#8217;un droit de r\u00e9tractation pendant 14 jours \u00e0 compter de la r\u00e9ception de la commande, \u00e0 condition que le ou les livres concern\u00e9s n&#8217;aient pas fait l&#8217;objet d&#8217;usage ou aient \u00e9t\u00e9 d\u00e9t\u00e9rior\u00e9s de toute autre fa\u00e7on. Ce droit s&#8217;exerce en retournant les livres \u00e0 la soci\u00e9t\u00e9 (cf. adresse postale \u00e0 l&#8217;article A. des pr\u00e9sentes Conditions G\u00e9n\u00e9rales de Ventes) et en avisant parall\u00e8lement de l&#8217;exercice du droit de r\u00e9tractation \u00e0 l&#8217;adresse mail mentionn\u00e9e au m\u00eame article. \u00c0 r\u00e9ception des livres et apr\u00e8s v\u00e9rification de leur \u00e9tat, un remboursement sera effectu\u00e9 en utilisant le moyen de paiement choisi lors de la commande, y compris pour les frais d&#8217;exp\u00e9dition.<\/p>\n\n\n\n<h4 class=\"wp-block-heading\">K. LITIGES<\/h4>\n\n\n\n<p>Tout litige concernant les commandes objet des pr\u00e9sentes Conditions G\u00e9n\u00e9rales de Vente sera du ressort des tribunaux fran\u00e7ais.<\/p>\n","protected":false},"excerpt":{"rendered":"<p>\u00a0A. LIBRAIRIE EN LIGNE BAK\u00c9LITE Cette librairie de vente en ligne de livres (https:\/\/www.bakl.it\/librairie\/) est op\u00e9r\u00e9e par la Guillaume Ebrard-Vissac, enregistr\u00e9e au Registre du Commerce de Rennes sous le n\u00b0 53972147200030, n\u00b0 de TVA intra-communautaire FR76539721472, adresse postale : Editions Bak\u00e9lite, 16 avenue Emile Zola 35131 Pont-P\u00e9an, adresse mail de contact : gv@bakl.it B. MARQUES [&hellip;]<\/p>\n","protected":false},"author":1,"featured_media":0,"parent":0,"menu_order":0,"comment_status":"closed","ping_status":"closed","template":"","meta":{"footnotes":""},"class_list":["post-42","page","type-page","status-publish","hentry"],"_links":{"self":[{"href":"https:\/\/bakl.it\/librairie\/wp-json\/wp\/v2\/pages\/42","targetHints":{"allow":["GET"]}}],"collection":[{"href":"https:\/\/bakl.it\/librairie\/wp-json\/wp\/v2\/pages"}],"about":[{"href":"https:\/\/bakl.it\/librairie\/wp-json\/wp\/v2\/types\/page"}],"author":[{"embeddable":true,"href":"https:\/\/bakl.it\/librairie\/wp-json\/wp\/v2\/users\/1"}],"replies":[{"embeddable":true,"href":"https:\/\/bakl.it\/librairie\/wp-json\/wp\/v2\/comments?post=42"}],"version-history":[{"count":1,"href":"https:\/\/bakl.it\/librairie\/wp-json\/wp\/v2\/pages\/42\/revisions"}],"predecessor-version":[{"id":43,"href":"https:\/\/bakl.it\/librairie\/wp-json\/wp\/v2\/pages\/42\/revisions\/43"}],"wp:attachment":[{"href":"https:\/\/bakl.it\/librairie\/wp-json\/wp\/v2\/media?parent=42"}],"curies":[{"name":"wp","href":"https:\/\/api.w.org\/{rel}","templated":true}]}}