{"id":3,"date":"2024-01-05T11:56:08","date_gmt":"2024-01-05T10:56:08","guid":{"rendered":"http:\/\/bakl.it\/librairie\/?page_id=3"},"modified":"2024-01-06T09:24:29","modified_gmt":"2024-01-06T08:24:29","slug":"politique-de-confidentialite","status":"publish","type":"page","link":"https:\/\/bakl.it\/librairie\/politique-de-confidentialite\/","title":{"rendered":"Politique de confidentialit\u00e9"},"content":{"rendered":"\n<h2 class=\"wp-block-heading\">Qui sommes-nous\u00a0?<\/h2>\n\n\n\n<p>Bak\u00e9lite est une microentreprise \u00e9tablie au 16, avenue Emile Zola 35131 Pont-P\u00e9an sous l&#8217;intitul\u00e9 Guillaume Ebrard-Vissac (SIREN 539721472). Son site est h\u00e9berg\u00e9e par Nuxit dans le cadre d&#8217;un h\u00e9bergement mutualis\u00e9.<\/p>\n\n\n\n<h2 class=\"wp-block-heading\">Confidentialit\u00e9 des donn\u00e9es<\/h2>\n\n\n\n<p>Vos droits \u00e0 la protection de vos donn\u00e9es personnelles sont d\u00e9finis dans la <a href=\"https:\/\/www.cnil.fr\/fr\/loi-78-17-du-6-janvier-1978-modifiee\">Loi n\u00b078-17 du 6 janvier 1978 relative \u00e0 l\u2019informatique, aux fichiers et aux libert\u00e9s<\/a>.<\/p>\n\n\n\n<p>Les donn\u00e9es collect\u00e9es sur vos visites au site sont trait\u00e9s exclusivement pour des objectifs statistiques anonymes. Les informations personnelles qui sont collect\u00e9es dans le cadre d&#8217;achat de livre imprim\u00e9 ou d&#8217;acc\u00e8s \u00e0 un livre web sont utilis\u00e9es exclusivement pour la fourniture de ces biens et services, pour les obligations comptables l\u00e9gales concernant ces transactions et \u2013\u00a0de fa\u00e7on anonyme\u00a0\u2013 pour les statistiques permettant l&#8217;\u00e9tablissement des relev\u00e9s de droits d&#8217;auteurs. Nous ne transmettons jamais vos informations personnelles \u00e0 aucun tiers. Nous n&#8217;effectuons pas de traitement des donn\u00e9es d&#8217;achat ou de t\u00e9l\u00e9chargement destin\u00e9es \u00e0 d\u00e9finir des profils de lecture.<\/p>\n\n\n\n<h4 class=\"wp-block-heading\">Droit d\u2019acc\u00e8s et de rectification<\/h4>\n\n\n\n<p>Les seules informations personnelles qui sont visible \u00e0 d&#8217;autres visiteurs du site sont celles qui apparaissent dans les commentaires que vous avez effectu\u00e9s sur des articles. Conform\u00e9ment \u00e0 l\u2019article 34 de la loi Loi informatique, fichiers et libert\u00e9s, vous avez un droit d\u2019acc\u00e8s, modification, rectification et effacement de ces donn\u00e9es personnelles ou des donn\u00e9es qui pr\u00e9tendent vous repr\u00e9senter. Vous pouvez exercer ce droit soit directement pour les donn\u00e9es modifiables par vous, soit par demande \u00e9crite adress\u00e9e \u00e0 Bak\u00e9lite, 16 avenue Emile Zola, 35131 Pont-P\u00e9an.<\/p>\n","protected":false},"excerpt":{"rendered":"<p>Qui sommes-nous\u00a0? Bak\u00e9lite est une microentreprise \u00e9tablie au 16, avenue Emile Zola 35131 Pont-P\u00e9an sous l&#8217;intitul\u00e9 Guillaume Ebrard-Vissac (SIREN 539721472). Son site est h\u00e9berg\u00e9e par Nuxit dans le cadre d&#8217;un h\u00e9bergement mutualis\u00e9. Confidentialit\u00e9 des donn\u00e9es Vos droits \u00e0 la protection de vos donn\u00e9es personnelles sont d\u00e9finis dans la Loi n\u00b078-17 du 6 janvier 1978 relative [&hellip;]<\/p>\n","protected":false},"author":1,"featured_media":0,"parent":0,"menu_order":0,"comment_status":"closed","ping_status":"open","template":"","meta":{"footnotes":""},"class_list":["post-3","page","type-page","status-publish","hentry"],"_links":{"self":[{"href":"https:\/\/bakl.it\/librairie\/wp-json\/wp\/v2\/pages\/3","targetHints":{"allow":["GET"]}}],"collection":[{"href":"https:\/\/bakl.it\/librairie\/wp-json\/wp\/v2\/pages"}],"about":[{"href":"https:\/\/bakl.it\/librairie\/wp-json\/wp\/v2\/types\/page"}],"author":[{"embeddable":true,"href":"https:\/\/bakl.it\/librairie\/wp-json\/wp\/v2\/users\/1"}],"replies":[{"embeddable":true,"href":"https:\/\/bakl.it\/librairie\/wp-json\/wp\/v2\/comments?post=3"}],"version-history":[{"count":1,"href":"https:\/\/bakl.it\/librairie\/wp-json\/wp\/v2\/pages\/3\/revisions"}],"predecessor-version":[{"id":41,"href":"https:\/\/bakl.it\/librairie\/wp-json\/wp\/v2\/pages\/3\/revisions\/41"}],"wp:attachment":[{"href":"https:\/\/bakl.it\/librairie\/wp-json\/wp\/v2\/media?parent=3"}],"curies":[{"name":"wp","href":"https:\/\/api.w.org\/{rel}","templated":true}]}}